{"id":11609,"date":"2025-09-02T13:18:31","date_gmt":"2025-09-02T12:18:31","guid":{"rendered":"https:\/\/espacetechnologie.ma\/?post_type=product&#038;p=11609"},"modified":"2025-10-22T23:57:21","modified_gmt":"2025-10-22T22:57:21","slug":"traceur-pour-voiture-localisateur-lbs-coupure-de-puissance-carburant-moniteur-de-suivi-dalarme-de-voiture","status":"publish","type":"product","link":"https:\/\/espacetechnologie.ma\/ar\/product\/traceur-pour-voiture-localisateur-lbs-coupure-de-puissance-carburant-moniteur-de-suivi-dalarme-de-voiture\/","title":{"rendered":"traceur pour voiture, localisateur LBS, coupure de puissance\/carburant, moniteur de suivi d&rsquo;alarme de voiture,"},"content":{"rendered":"<p>GSM int\u00e9gr\u00e9, antenne , aspect compact et \u00e9l\u00e9gant.<br \/>\nPrend en charge les solutions de suivi double  et LBS (service bas\u00e9 sur la localisation).<br \/>\nSoutenez la transmission de donn\u00e9es de r\u00e9seau de SMS\/<br \/>\nGPRS\/Internet<br \/>\nSupport pour configurer les param\u00e8tres \u00e0 distance<br \/>\nD\u00e9finissez de multiples fonctions de s\u00e9curit\u00e9, de suivi, de surveillance, d&rsquo;alarmes d&rsquo;urgence et de gestion dans son int\u00e9gralit\u00e9.<\/p>","protected":false},"excerpt":{"rendered":"<p>GSM int\u00e9gr\u00e9, antenne , aspect compact et \u00e9l\u00e9gant. Prend en charge les solutions de suivi double et LBS (service bas\u00e9 sur la localisation). Soutenez la transmission de donn\u00e9es de r\u00e9seau de SMS\/ GPRS\/Internet Support pour configurer les param\u00e8tres \u00e0 distance D\u00e9finissez de multiples fonctions de s\u00e9curit\u00e9, de suivi, de surveillance, d&rsquo;alarmes d&rsquo;urgence et de gestion [&hellip;]<\/p>\n","protected":false},"featured_media":11610,"comment_status":"closed","ping_status":"closed","template":"","meta":{"event_title":"","event_details":"","event_timezone":"","event_gmap":"","event_image":"","event_image_url":"","event_calendar_link":"","event_location":"","event_datetime_with_summary":"","event_datetime":"","event_date_type":"","event_rulesummary":"","event_ticket_rsvp":"","_gspb_post_css":""},"product_brand":[],"product_cat":[114,113],"product_tag":[],"class_list":{"0":"post-11609","1":"product","2":"type-product","3":"status-publish","4":"has-post-thumbnail","6":"product_cat-accessoires-voiture","7":"product_cat-voiture-moto","9":"first","10":"instock","11":"sale","12":"featured","13":"shipping-taxable","14":"purchasable","15":"product-type-simple"},"jetpack_sharing_enabled":true,"_links":{"self":[{"href":"https:\/\/espacetechnologie.ma\/ar\/wp-json\/wp\/v2\/product\/11609","targetHints":{"allow":["GET"]}}],"collection":[{"href":"https:\/\/espacetechnologie.ma\/ar\/wp-json\/wp\/v2\/product"}],"about":[{"href":"https:\/\/espacetechnologie.ma\/ar\/wp-json\/wp\/v2\/types\/product"}],"replies":[{"embeddable":true,"href":"https:\/\/espacetechnologie.ma\/ar\/wp-json\/wp\/v2\/comments?post=11609"}],"wp:featuredmedia":[{"embeddable":true,"href":"https:\/\/espacetechnologie.ma\/ar\/wp-json\/wp\/v2\/media\/11610"}],"wp:attachment":[{"href":"https:\/\/espacetechnologie.ma\/ar\/wp-json\/wp\/v2\/media?parent=11609"}],"wp:term":[{"taxonomy":"product_brand","embeddable":true,"href":"https:\/\/espacetechnologie.ma\/ar\/wp-json\/wp\/v2\/product_brand?post=11609"},{"taxonomy":"product_cat","embeddable":true,"href":"https:\/\/espacetechnologie.ma\/ar\/wp-json\/wp\/v2\/product_cat?post=11609"},{"taxonomy":"product_tag","embeddable":true,"href":"https:\/\/espacetechnologie.ma\/ar\/wp-json\/wp\/v2\/product_tag?post=11609"}],"curies":[{"name":"wp","href":"https:\/\/api.w.org\/{rel}","templated":true}]}}