{"id":11585,"date":"2025-09-02T10:15:14","date_gmt":"2025-09-02T09:15:14","guid":{"rendered":"https:\/\/espacetechnologie.ma\/?post_type=product&#038;p=11585"},"modified":"2025-09-02T10:15:15","modified_gmt":"2025-09-02T09:15:15","slug":"telecommande-bluetooth-pour-gopro","status":"publish","type":"product","link":"https:\/\/espacetechnologie.ma\/ar\/product\/telecommande-bluetooth-pour-gopro\/","title":{"rendered":"t\u00e9l\u00e9commande Bluetooth pour GoPro"},"content":{"rendered":"<p>\ufeffPoids: 36g<br \/>\n\ufeff\ufeff\ufeffTaille: 66*39.4*17.5mm<br \/>\n1x T\u00e9l\u00e9commande<br \/>\n1x C\u00e2ble<br \/>\n1x Instruction<br \/>\n1x Dragonne<br \/>\n1x Bo\u00eete d&#8217;emballage<\/p>\n<p><iframe loading=\"lazy\" title=\"TELESIN T10 bluetooth Remote Control for GoPro 11\/10\/9\/8\/max\" width=\"1778\" height=\"1000\" src=\"https:\/\/www.youtube.com\/embed\/6jXq-iYH7cs?feature=oembed\" frameborder=\"0\" allow=\"accelerometer; autoplay; clipboard-write; encrypted-media; gyroscope; picture-in-picture; web-share\" referrerpolicy=\"strict-origin-when-cross-origin\" allowfullscreen><\/iframe><\/p>","protected":false},"excerpt":{"rendered":"<p>\ufeffPoids: 36g \ufeff\ufeff\ufeffTaille: 66*39.4*17.5mm 1x T\u00e9l\u00e9commande 1x C\u00e2ble 1x Instruction 1x Dragonne 1x Bo\u00eete d&#8217;emballage<\/p>","protected":false},"featured_media":11586,"comment_status":"closed","ping_status":"closed","template":"","meta":{"event_title":"","event_details":"","event_timezone":"","event_gmap":"","event_image":"","event_image_url":"","event_calendar_link":"","event_location":"","event_datetime_with_summary":"","event_datetime":"","event_date_type":"","event_rulesummary":"","event_ticket_rsvp":"","_gspb_post_css":""},"product_brand":[],"product_cat":[82],"product_tag":[],"class_list":{"0":"post-11585","1":"product","2":"type-product","3":"status-publish","4":"has-post-thumbnail","6":"product_cat-gadgets","8":"first","9":"instock","10":"sale","11":"shipping-taxable","12":"purchasable","13":"product-type-simple"},"jetpack_sharing_enabled":true,"_links":{"self":[{"href":"https:\/\/espacetechnologie.ma\/ar\/wp-json\/wp\/v2\/product\/11585","targetHints":{"allow":["GET"]}}],"collection":[{"href":"https:\/\/espacetechnologie.ma\/ar\/wp-json\/wp\/v2\/product"}],"about":[{"href":"https:\/\/espacetechnologie.ma\/ar\/wp-json\/wp\/v2\/types\/product"}],"replies":[{"embeddable":true,"href":"https:\/\/espacetechnologie.ma\/ar\/wp-json\/wp\/v2\/comments?post=11585"}],"wp:featuredmedia":[{"embeddable":true,"href":"https:\/\/espacetechnologie.ma\/ar\/wp-json\/wp\/v2\/media\/11586"}],"wp:attachment":[{"href":"https:\/\/espacetechnologie.ma\/ar\/wp-json\/wp\/v2\/media?parent=11585"}],"wp:term":[{"taxonomy":"product_brand","embeddable":true,"href":"https:\/\/espacetechnologie.ma\/ar\/wp-json\/wp\/v2\/product_brand?post=11585"},{"taxonomy":"product_cat","embeddable":true,"href":"https:\/\/espacetechnologie.ma\/ar\/wp-json\/wp\/v2\/product_cat?post=11585"},{"taxonomy":"product_tag","embeddable":true,"href":"https:\/\/espacetechnologie.ma\/ar\/wp-json\/wp\/v2\/product_tag?post=11585"}],"curies":[{"name":"wp","href":"https:\/\/api.w.org\/{rel}","templated":true}]}}