{"id":11573,"date":"2025-09-02T09:58:27","date_gmt":"2025-09-02T08:58:27","guid":{"rendered":"https:\/\/espacetechnologie.ma\/?post_type=product&#038;p=11573"},"modified":"2025-09-02T09:58:28","modified_gmt":"2025-09-02T08:58:28","slug":"rideau-pare-soleil-sans-clous-confidentialite-lateral-isolant-thermiquement-pour-voiture-chambre-a-coucher-cuisine-bureau","status":"publish","type":"product","link":"https:\/\/espacetechnologie.ma\/ar\/product\/rideau-pare-soleil-sans-clous-confidentialite-lateral-isolant-thermiquement-pour-voiture-chambre-a-coucher-cuisine-bureau\/","title":{"rendered":"Rideau pare-soleil sans clous, confidentialit\u00e9 lat\u00e9ral isolant thermiquement pour voiture, chambre \u00e0 coucher, cuisine, bureau"},"content":{"rendered":"<p>Origine : Chine continentale<br \/>\nMat\u00e9riel : PVC<br \/>\nTaille : 50x125cm<\/p>","protected":false},"excerpt":{"rendered":"<p>Origine : Chine continentale Mat\u00e9riel : PVC Taille : 50x125cm<\/p>","protected":false},"featured_media":11574,"comment_status":"closed","ping_status":"closed","template":"","meta":{"event_title":"","event_details":"","event_timezone":"","event_gmap":"","event_image":"","event_image_url":"","event_calendar_link":"","event_location":"","event_datetime_with_summary":"","event_datetime":"","event_date_type":"","event_rulesummary":"","event_ticket_rsvp":"","_gspb_post_css":""},"product_brand":[],"product_cat":[114,82,113],"product_tag":[],"class_list":{"0":"post-11573","1":"product","2":"type-product","3":"status-publish","4":"has-post-thumbnail","6":"product_cat-accessoires-voiture","7":"product_cat-gadgets","8":"product_cat-voiture-moto","10":"first","11":"instock","12":"sale","13":"shipping-taxable","14":"purchasable","15":"product-type-simple"},"jetpack_sharing_enabled":true,"_links":{"self":[{"href":"https:\/\/espacetechnologie.ma\/ar\/wp-json\/wp\/v2\/product\/11573","targetHints":{"allow":["GET"]}}],"collection":[{"href":"https:\/\/espacetechnologie.ma\/ar\/wp-json\/wp\/v2\/product"}],"about":[{"href":"https:\/\/espacetechnologie.ma\/ar\/wp-json\/wp\/v2\/types\/product"}],"replies":[{"embeddable":true,"href":"https:\/\/espacetechnologie.ma\/ar\/wp-json\/wp\/v2\/comments?post=11573"}],"wp:featuredmedia":[{"embeddable":true,"href":"https:\/\/espacetechnologie.ma\/ar\/wp-json\/wp\/v2\/media\/11574"}],"wp:attachment":[{"href":"https:\/\/espacetechnologie.ma\/ar\/wp-json\/wp\/v2\/media?parent=11573"}],"wp:term":[{"taxonomy":"product_brand","embeddable":true,"href":"https:\/\/espacetechnologie.ma\/ar\/wp-json\/wp\/v2\/product_brand?post=11573"},{"taxonomy":"product_cat","embeddable":true,"href":"https:\/\/espacetechnologie.ma\/ar\/wp-json\/wp\/v2\/product_cat?post=11573"},{"taxonomy":"product_tag","embeddable":true,"href":"https:\/\/espacetechnologie.ma\/ar\/wp-json\/wp\/v2\/product_tag?post=11573"}],"curies":[{"name":"wp","href":"https:\/\/api.w.org\/{rel}","templated":true}]}}