{"id":11564,"date":"2025-09-02T09:49:35","date_gmt":"2025-09-02T08:49:35","guid":{"rendered":"https:\/\/espacetechnologie.ma\/?post_type=product&#038;p=11564"},"modified":"2025-09-02T09:49:36","modified_gmt":"2025-09-02T08:49:36","slug":"perche-a-selfie-et-telecommande-etanche-flottante","status":"publish","type":"product","link":"https:\/\/espacetechnologie.ma\/ar\/product\/perche-a-selfie-et-telecommande-etanche-flottante\/","title":{"rendered":"perche \u00e0 Selfie et t\u00e9l\u00e9commande \u00e9tanche flottante"},"content":{"rendered":"<p>Marque : TELESIN<br \/>\nMat\u00e9riel : Plastitc<br \/>\nPoids: 84g<br \/>\ntaille: 300*40*50mm\/11.8*1.6*1.9 pouces<br \/>\nProfondeur d&rsquo;\u00e9tanch\u00e9it\u00e9 : 15 m (49,2 pieds)<br \/>\nMod\u00e8les applicables: Pour Hero 13 12\/11\/10\/9\/8<br \/>\nTaille du colis: 710*510*234mm\/28*20*9.21 pouces<br \/>\nPoids du colis: 191,8g<\/p>\n<p><iframe loading=\"lazy\" title=\"Your questions! TELESIN Floating Hand Grip with Bluetooth for GoPro\" width=\"1778\" height=\"1000\" src=\"https:\/\/www.youtube.com\/embed\/Whm7S6GhYKg?feature=oembed\" frameborder=\"0\" allow=\"accelerometer; autoplay; clipboard-write; encrypted-media; gyroscope; picture-in-picture; web-share\" referrerpolicy=\"strict-origin-when-cross-origin\" allowfullscreen><\/iframe><\/p>","protected":false},"excerpt":{"rendered":"<p>Marque : TELESIN Mat\u00e9riel : Plastitc Poids: 84g taille: 300*40*50mm\/11.8*1.6*1.9 pouces Profondeur d&rsquo;\u00e9tanch\u00e9it\u00e9 : 15 m (49,2 pieds) Mod\u00e8les applicables: Pour Hero 13 12\/11\/10\/9\/8 Taille du colis: 710*510*234mm\/28*20*9.21 pouces Poids du colis: 191,8g<\/p>","protected":false},"featured_media":11565,"comment_status":"closed","ping_status":"closed","template":"","meta":{"event_title":"","event_details":"","event_timezone":"","event_gmap":"","event_image":"","event_image_url":"","event_calendar_link":"","event_location":"","event_datetime_with_summary":"","event_datetime":"","event_date_type":"","event_rulesummary":"","event_ticket_rsvp":"","_gspb_post_css":""},"product_brand":[],"product_cat":[82],"product_tag":[],"class_list":{"0":"post-11564","1":"product","2":"type-product","3":"status-publish","4":"has-post-thumbnail","6":"product_cat-gadgets","8":"first","9":"instock","10":"sale","11":"shipping-taxable","12":"purchasable","13":"product-type-simple"},"jetpack_sharing_enabled":true,"_links":{"self":[{"href":"https:\/\/espacetechnologie.ma\/ar\/wp-json\/wp\/v2\/product\/11564","targetHints":{"allow":["GET"]}}],"collection":[{"href":"https:\/\/espacetechnologie.ma\/ar\/wp-json\/wp\/v2\/product"}],"about":[{"href":"https:\/\/espacetechnologie.ma\/ar\/wp-json\/wp\/v2\/types\/product"}],"replies":[{"embeddable":true,"href":"https:\/\/espacetechnologie.ma\/ar\/wp-json\/wp\/v2\/comments?post=11564"}],"wp:featuredmedia":[{"embeddable":true,"href":"https:\/\/espacetechnologie.ma\/ar\/wp-json\/wp\/v2\/media\/11565"}],"wp:attachment":[{"href":"https:\/\/espacetechnologie.ma\/ar\/wp-json\/wp\/v2\/media?parent=11564"}],"wp:term":[{"taxonomy":"product_brand","embeddable":true,"href":"https:\/\/espacetechnologie.ma\/ar\/wp-json\/wp\/v2\/product_brand?post=11564"},{"taxonomy":"product_cat","embeddable":true,"href":"https:\/\/espacetechnologie.ma\/ar\/wp-json\/wp\/v2\/product_cat?post=11564"},{"taxonomy":"product_tag","embeddable":true,"href":"https:\/\/espacetechnologie.ma\/ar\/wp-json\/wp\/v2\/product_tag?post=11564"}],"curies":[{"name":"wp","href":"https:\/\/api.w.org\/{rel}","templated":true}]}}