{"id":11549,"date":"2025-09-01T19:12:42","date_gmt":"2025-09-01T18:12:42","guid":{"rendered":"https:\/\/espacetechnologie.ma\/?post_type=product&#038;p=11549"},"modified":"2025-10-22T23:58:13","modified_gmt":"2025-10-22T22:58:13","slug":"adaptateur-carplay-sans-fil-ai-box-android-auto-hdmi-multimedia-pour-ios-android","status":"publish","type":"product","link":"https:\/\/espacetechnologie.ma\/ar\/product\/adaptateur-carplay-sans-fil-ai-box-android-auto-hdmi-multimedia-pour-ios-android\/","title":{"rendered":"Adaptateur CarPlay sans fil AI Box Android Auto HDMI Multim\u00e9dia pour iOS\/Android"},"content":{"rendered":"<p>Nom du produit : Bo\u00eetier multim\u00e9dia intelligent pour voiture<br \/>\nConfiguration : Synchronisation de la configuration du t\u00e9l\u00e9phone portable<br \/>\nMat\u00e9riau : Alliage d&rsquo;aluminium + verre tremp\u00e9<br \/>\nAlimentation : V\u00e9hicule<br \/>\nInterface d&rsquo;alimentation : USB-C<br \/>\nInterface de sortie : USB-A, HDMI<br \/>\nAlimentation : 5 V 1 A-2,1 A<\/p>\n<p><iframe loading=\"lazy\" title=\"Carlinkit Ai Box Android 13 Led Wireless Android Auto &amp; Apple CarPlay Smart Tv Box QCM6225\" width=\"1778\" height=\"1000\" src=\"https:\/\/www.youtube.com\/embed\/mWxQBfyqYjk?feature=oembed\" frameborder=\"0\" allow=\"accelerometer; autoplay; clipboard-write; encrypted-media; gyroscope; picture-in-picture; web-share\" referrerpolicy=\"strict-origin-when-cross-origin\" allowfullscreen><\/iframe><\/p>","protected":false},"excerpt":{"rendered":"<p>Nom du produit : Bo\u00eetier multim\u00e9dia intelligent pour voiture Configuration : Synchronisation de la configuration du t\u00e9l\u00e9phone portable Mat\u00e9riau : Alliage d&rsquo;aluminium + verre tremp\u00e9 Alimentation : V\u00e9hicule Interface d&rsquo;alimentation : USB-C Interface de sortie : USB-A, HDMI Alimentation : 5 V 1 A-2,1 A<\/p>","protected":false},"featured_media":11550,"comment_status":"closed","ping_status":"closed","template":"","meta":{"event_title":"","event_details":"","event_timezone":"","event_gmap":"","event_image":"","event_image_url":"","event_calendar_link":"","event_location":"","event_datetime_with_summary":"","event_datetime":"","event_date_type":"","event_rulesummary":"","event_ticket_rsvp":"","_gspb_post_css":""},"product_brand":[],"product_cat":[114,113],"product_tag":[],"class_list":{"0":"post-11549","1":"product","2":"type-product","3":"status-publish","4":"has-post-thumbnail","6":"product_cat-accessoires-voiture","7":"product_cat-voiture-moto","9":"first","10":"instock","11":"sale","12":"featured","13":"shipping-taxable","14":"purchasable","15":"product-type-simple"},"jetpack_sharing_enabled":true,"_links":{"self":[{"href":"https:\/\/espacetechnologie.ma\/ar\/wp-json\/wp\/v2\/product\/11549","targetHints":{"allow":["GET"]}}],"collection":[{"href":"https:\/\/espacetechnologie.ma\/ar\/wp-json\/wp\/v2\/product"}],"about":[{"href":"https:\/\/espacetechnologie.ma\/ar\/wp-json\/wp\/v2\/types\/product"}],"replies":[{"embeddable":true,"href":"https:\/\/espacetechnologie.ma\/ar\/wp-json\/wp\/v2\/comments?post=11549"}],"wp:featuredmedia":[{"embeddable":true,"href":"https:\/\/espacetechnologie.ma\/ar\/wp-json\/wp\/v2\/media\/11550"}],"wp:attachment":[{"href":"https:\/\/espacetechnologie.ma\/ar\/wp-json\/wp\/v2\/media?parent=11549"}],"wp:term":[{"taxonomy":"product_brand","embeddable":true,"href":"https:\/\/espacetechnologie.ma\/ar\/wp-json\/wp\/v2\/product_brand?post=11549"},{"taxonomy":"product_cat","embeddable":true,"href":"https:\/\/espacetechnologie.ma\/ar\/wp-json\/wp\/v2\/product_cat?post=11549"},{"taxonomy":"product_tag","embeddable":true,"href":"https:\/\/espacetechnologie.ma\/ar\/wp-json\/wp\/v2\/product_tag?post=11549"}],"curies":[{"name":"wp","href":"https:\/\/api.w.org\/{rel}","templated":true}]}}