{"id":11534,"date":"2025-09-01T18:49:16","date_gmt":"2025-09-01T17:49:16","guid":{"rendered":"https:\/\/espacetechnologie.ma\/?post_type=product&#038;p=11534"},"modified":"2025-10-22T23:59:07","modified_gmt":"2025-10-22T22:59:07","slug":"support-magnetique-suspendu-au-cou-pour-telephone-2","status":"publish","type":"product","link":"https:\/\/espacetechnologie.ma\/ar\/product\/support-magnetique-suspendu-au-cou-pour-telephone-2\/","title":{"rendered":"Support magn\u00e9tique suspendu au cou pour t\u00e9l\u00e9phone"},"content":{"rendered":"<p>Support de cou magn\u00e9tique pour t\u00e9l\u00e9phones Pour t\u00e9l\u00e9phones mobiles, d\u00e9gagement rapide magn\u00e9tique, Absorption des chocs \u00e0 coussin d&rsquo;air, support tout-en-un<br \/>\nEmp\u00eatez votre r\u00e9alisation de films mobiles pour les prises POV immersives<br \/>\nAimants puissants en cercle complet pour une fixation s\u00e9curis\u00e9e Simplifie le tir avec une fixation magn\u00e9tique circulaire<br \/>\nsnap! Attaquez et d\u00e9marrer le tir instantan\u00e9ment Avec 16 aimants puissants en n\u00e9odyme, il a r\u00e9ussissez les normes mont\u00e9es sur voiture, a pas de gouttes pendant les tirs en plein air.<br \/>\nDesign \u00e9l\u00e9gant et minimaliste Conception de tige en alliage sans couture &#8211; Dites au revoir aux adaptateurs innecsaires.<br \/>\nBase \u00e0 coussin d&rsquo;air pour l&rsquo;absorption des chocs<br \/>\nGrands coussins d&rsquo;air pour une meilleure exp\u00e9rience de port r\u00e9duise l&rsquo;impact de mouvement Rotations d&rsquo;axe 7,10 000 Plis et stables Pivot d&rsquo;amortissement renforc\u00e9 pour une prise de vue stable et sans secousse lors des mouvements lumineux<br \/>\nConvenez entre les modes de portrait et de paysage avec diff\u00e9rents angles Satisfait les cr\u00e9ateurs de co\u00fbts vid\u00e9o courts avec des modes de prise de vue polyvalents: paysage, portrait, a\u00e9rien et faible angle.<br \/>\nFlexiblement fort confortablement durable Structure triple couche : col de cygne int\u00e9rieur en acier inoxydable, encastr\u00e9 en aluminium massif pour support et ext\u00e9rieur en silicone respectueux de la peau<br \/>\nConception \u00e0 d\u00e9gagement rapide Interrupteur \u00e0 bouton pour une fonctionnement simplifi\u00e9<br \/>\nPour iPhoe 12\/13\/14\/15 \u00e0 utiliser sans \u00e9tui ou avec \u00e9tuis magn\u00e9tiques Les Android attachent une pi\u00e8ce magn\u00e9tique \u00e0 l&rsquo;int\u00e9rieur d&rsquo;un \u00e9tui ou \u00e0 utiliser des \u00e9tuis avec des anneaux magn\u00e9tiques<\/p>\n<p><iframe loading=\"lazy\" title=\"Transform Your Experience with TELESIN&#039;s Magnetic Neck Mount for Phones!\" width=\"1778\" height=\"1000\" src=\"https:\/\/www.youtube.com\/embed\/Mslm8T0LHx0?feature=oembed\" frameborder=\"0\" allow=\"accelerometer; autoplay; clipboard-write; encrypted-media; gyroscope; picture-in-picture; web-share\" referrerpolicy=\"strict-origin-when-cross-origin\" allowfullscreen><\/iframe><\/p>","protected":false},"excerpt":{"rendered":"<p>TELESIN &#8211; support de cou magn\u00e9tique en Silicone, maintien \u00e0 d\u00e9gagement rapide pour IPhone 15 14 13 12 11 10 SAMSUNG HUAWEI XIAOMI, accessoires de t\u00e9l\u00e9phone<\/p>\n<p>Caract\u00e9ristique<\/p>\n<p>Le colis comprend :<\/p>\n<p>Support de cou magn\u00e9tique *1<\/p>\n<p>Pi\u00e8ce magn\u00e9tique*1<\/p>\n<p>Manuel d&rsquo;instructions*1<\/p>","protected":false},"featured_media":11535,"comment_status":"closed","ping_status":"closed","template":"","meta":{"event_title":"","event_details":"","event_timezone":"","event_gmap":"","event_image":"","event_image_url":"","event_calendar_link":"","event_location":"","event_datetime_with_summary":"","event_datetime":"","event_date_type":"","event_rulesummary":"","event_ticket_rsvp":"","_gspb_post_css":""},"product_brand":[],"product_cat":[90,84],"product_tag":[],"class_list":{"0":"post-11534","1":"product","2":"type-product","3":"status-publish","4":"has-post-thumbnail","6":"product_cat-autres-accessoires-smartphone","7":"product_cat-smartphone","9":"first","10":"instock","11":"sale","12":"featured","13":"shipping-taxable","14":"purchasable","15":"product-type-simple"},"jetpack_sharing_enabled":true,"_links":{"self":[{"href":"https:\/\/espacetechnologie.ma\/ar\/wp-json\/wp\/v2\/product\/11534","targetHints":{"allow":["GET"]}}],"collection":[{"href":"https:\/\/espacetechnologie.ma\/ar\/wp-json\/wp\/v2\/product"}],"about":[{"href":"https:\/\/espacetechnologie.ma\/ar\/wp-json\/wp\/v2\/types\/product"}],"replies":[{"embeddable":true,"href":"https:\/\/espacetechnologie.ma\/ar\/wp-json\/wp\/v2\/comments?post=11534"}],"wp:featuredmedia":[{"embeddable":true,"href":"https:\/\/espacetechnologie.ma\/ar\/wp-json\/wp\/v2\/media\/11535"}],"wp:attachment":[{"href":"https:\/\/espacetechnologie.ma\/ar\/wp-json\/wp\/v2\/media?parent=11534"}],"wp:term":[{"taxonomy":"product_brand","embeddable":true,"href":"https:\/\/espacetechnologie.ma\/ar\/wp-json\/wp\/v2\/product_brand?post=11534"},{"taxonomy":"product_cat","embeddable":true,"href":"https:\/\/espacetechnologie.ma\/ar\/wp-json\/wp\/v2\/product_cat?post=11534"},{"taxonomy":"product_tag","embeddable":true,"href":"https:\/\/espacetechnologie.ma\/ar\/wp-json\/wp\/v2\/product_tag?post=11534"}],"curies":[{"name":"wp","href":"https:\/\/api.w.org\/{rel}","templated":true}]}}