{"id":11525,"date":"2025-08-26T16:43:09","date_gmt":"2025-08-26T15:43:09","guid":{"rendered":"https:\/\/espacetechnologie.ma\/?post_type=product&#038;p=11525"},"modified":"2025-08-26T16:44:22","modified_gmt":"2025-08-26T15:44:22","slug":"%d9%85%d8%b4%d8%a7%d8%b1%d9%83%d8%a9-%d9%87%d8%b0%d8%a7-%d8%a7%d9%84%d9%85%d9%86%d8%aa%d8%ac-onduleur-de-voiture-dc-12v-24v-a-ac-110v-220v","status":"publish","type":"product","link":"https:\/\/espacetechnologie.ma\/ar\/product\/%d9%85%d8%b4%d8%a7%d8%b1%d9%83%d8%a9-%d9%87%d8%b0%d8%a7-%d8%a7%d9%84%d9%85%d9%86%d8%aa%d8%ac-onduleur-de-voiture-dc-12v-24v-a-ac-110v-220v\/","title":{"rendered":"Onduleur de voiture DC 12V 24V \u00e0 AC 110V 220V"},"content":{"rendered":"<p>Nom du produit: adaptateur de prise de voiture<br \/>\nInterface USB : charge rapide 5V (quatre ports USB)<br \/>\nTension d&rsquo;entr\u00e9e : 12V\/24V applicable<br \/>\nTension de sortie : DC22OV<br \/>\nPuissance maximale: 1500W<br \/>\nMat\u00e9riel : coque m\u00e9tallique<br \/>\nPrise de sortie : Double jack (1) Trois prises (1)<br \/>\nLongueur du c\u00e2ble d&rsquo;alimentation: environ 75 cm \/ 29,53 pouces<\/p>","protected":false},"excerpt":{"rendered":"<p>Nom du produit: adaptateur de prise de voiture Interface USB : charge rapide 5V (quatre ports USB) Tension d&rsquo;entr\u00e9e : 12V\/24V applicable Tension de sortie : DC22OV Puissance maximale: 1500W Mat\u00e9riel : coque m\u00e9tallique Prise de sortie : Double jack (1) Trois prises (1) Longueur du c\u00e2ble d&rsquo;alimentation: environ 75 cm \/ 29,53 pouces<\/p>","protected":false},"featured_media":11526,"comment_status":"closed","ping_status":"closed","template":"","meta":{"event_title":"","event_details":"","event_timezone":"","event_gmap":"","event_image":"","event_image_url":"","event_calendar_link":"","event_location":"","event_datetime_with_summary":"","event_datetime":"","event_date_type":"","event_rulesummary":"","_gspb_post_css":""},"product_brand":[],"product_cat":[114,113],"product_tag":[],"class_list":{"0":"post-11525","1":"product","2":"type-product","3":"status-publish","4":"has-post-thumbnail","6":"product_cat-accessoires-voiture","7":"product_cat-voiture-moto","9":"first","10":"instock","11":"sale","12":"shipping-taxable","13":"purchasable","14":"product-type-simple"},"jetpack_sharing_enabled":true,"_links":{"self":[{"href":"https:\/\/espacetechnologie.ma\/ar\/wp-json\/wp\/v2\/product\/11525","targetHints":{"allow":["GET"]}}],"collection":[{"href":"https:\/\/espacetechnologie.ma\/ar\/wp-json\/wp\/v2\/product"}],"about":[{"href":"https:\/\/espacetechnologie.ma\/ar\/wp-json\/wp\/v2\/types\/product"}],"replies":[{"embeddable":true,"href":"https:\/\/espacetechnologie.ma\/ar\/wp-json\/wp\/v2\/comments?post=11525"}],"wp:featuredmedia":[{"embeddable":true,"href":"https:\/\/espacetechnologie.ma\/ar\/wp-json\/wp\/v2\/media\/11526"}],"wp:attachment":[{"href":"https:\/\/espacetechnologie.ma\/ar\/wp-json\/wp\/v2\/media?parent=11525"}],"wp:term":[{"taxonomy":"product_brand","embeddable":true,"href":"https:\/\/espacetechnologie.ma\/ar\/wp-json\/wp\/v2\/product_brand?post=11525"},{"taxonomy":"product_cat","embeddable":true,"href":"https:\/\/espacetechnologie.ma\/ar\/wp-json\/wp\/v2\/product_cat?post=11525"},{"taxonomy":"product_tag","embeddable":true,"href":"https:\/\/espacetechnologie.ma\/ar\/wp-json\/wp\/v2\/product_tag?post=11525"}],"curies":[{"name":"wp","href":"https:\/\/api.w.org\/{rel}","templated":true}]}}