{"id":11179,"date":"2025-07-21T18:09:43","date_gmt":"2025-07-21T17:09:43","guid":{"rendered":"https:\/\/espacetechnologie.ma\/?page_id=11179"},"modified":"2025-07-21T18:11:28","modified_gmt":"2025-07-21T17:11:28","slug":"politique-de-confidentialite","status":"publish","type":"page","link":"https:\/\/espacetechnologie.ma\/ar\/politique-de-confidentialite\/","title":{"rendered":"\u0633\u064a\u0627\u0633\u0629 \u0627\u0644\u062e\u0635\u0648\u0635\u064a\u0629"},"content":{"rendered":"\n<h1 class=\"wp-block-heading\" id=\"politique-de-confidentialite-pour-espace-technologie\">Politique de Confidentialit\u00e9 pour Espace Technologie<\/h1>\n\n\n\n<p>Derni\u00e8re mise \u00e0 jour : 21 juillet 2025<\/p>\n\n\n\n<p>Cette Politique de Confidentialit\u00e9 d\u00e9crit Nos politiques et proc\u00e9dures concernant la collecte, l&rsquo;utilisation et la divulgation de Vos informations lorsque Vous utilisez le Service et Vous informe de Vos droits \u00e0 la vie priv\u00e9e et de la fa\u00e7on dont la loi Vous prot\u00e8ge.<\/p>\n\n\n\n<p>Nous utilisons Vos donn\u00e9es personnelles pour fournir et am\u00e9liorer le Service. En utilisant le Service, Vous acceptez la collecte et l&rsquo;utilisation d&rsquo;informations conform\u00e9ment \u00e0 cette Politique de Confidentialit\u00e9. Cette Politique de Confidentialit\u00e9 a \u00e9t\u00e9 cr\u00e9\u00e9e avec l&rsquo;aide du <a href=\"https:\/\/www.termsfeed.com\/privacy-policy-generator\/\" target=\"_blank\" rel=\"noopener\">G\u00e9n\u00e9rateur de Politique de Confidentialit\u00e9<\/a>.<\/p>\n\n\n\n<h2 class=\"wp-block-heading\" id=\"interpretation-et-definitions\">Interpr\u00e9tation et D\u00e9finitions<\/h2>\n\n\n\n<p>Les mots dont la lettre initiale est en majuscule ont des significations d\u00e9finies dans les conditions suivantes. Les d\u00e9finitions suivantes auront la m\u00eame signification qu&rsquo;elles apparaissent au singulier ou au pluriel.<\/p>\n\n\n\n<h3 class=\"wp-block-heading\" id=\"definitions\">D\u00e9finitions<\/h3>\n\n\n\n<p>Aux fins de cette Politique de Confidentialit\u00e9 :<\/p>\n\n\n\n<p><strong>Compte<\/strong> d\u00e9signe un compte unique cr\u00e9\u00e9 pour Vous permettre d&rsquo;acc\u00e9der \u00e0 notre Service ou \u00e0 des parties de notre Service.<\/p>\n\n\n\n<p><strong>Affili\u00e9<\/strong> d\u00e9signe une entit\u00e9 qui contr\u00f4le, est contr\u00f4l\u00e9e par ou est sous contr\u00f4le commun avec une partie, o\u00f9 \u00ab\u00a0contr\u00f4le\u00a0\u00bb signifie la propri\u00e9t\u00e9 de 50% ou plus des actions, participation ou autres titres donnant droit de vote pour l&rsquo;\u00e9lection des administrateurs ou autre autorit\u00e9 de gestion.<\/p>\n\n\n\n<p><strong>Soci\u00e9t\u00e9<\/strong> (d\u00e9sign\u00e9e soit comme \u00ab\u00a0la Soci\u00e9t\u00e9\u00a0\u00bb, \u00ab\u00a0Nous\u00a0\u00bb, \u00ab\u00a0Notre\u00a0\u00bb ou \u00ab\u00a0Nos\u00a0\u00bb dans cet Accord) se r\u00e9f\u00e8re \u00e0 Espace Technologie, Rue Hamza ben Abdelmoutalib, Derb Ghalef, Casablanca 20360.<\/p>\n\n\n\n<p><strong>Cookies<\/strong> sont de petits fichiers qui sont plac\u00e9s sur Votre ordinateur, appareil mobile ou tout autre appareil par un site web, contenant les d\u00e9tails de Votre historique de navigation sur ce site web parmi ses nombreuses utilisations.<\/p>\n\n\n\n<p><strong>Pays<\/strong> se r\u00e9f\u00e8re au : Maroc<\/p>\n\n\n\n<p><strong>Appareil<\/strong> d\u00e9signe tout appareil qui peut acc\u00e9der au Service tel qu&rsquo;un ordinateur, un t\u00e9l\u00e9phone portable ou une tablette num\u00e9rique.<\/p>\n\n\n\n<p><strong>Donn\u00e9es Personnelles<\/strong> sont toute information qui se rapporte \u00e0 un individu identifi\u00e9 ou identifiable.<\/p>\n\n\n\n<p><strong>Service<\/strong> se r\u00e9f\u00e8re au Site Web.<\/p>\n\n\n\n<p><strong>Prestataire de Services<\/strong> d\u00e9signe toute personne physique ou morale qui traite les donn\u00e9es pour le compte de la Soci\u00e9t\u00e9. Il se r\u00e9f\u00e8re aux soci\u00e9t\u00e9s tierces ou individus employ\u00e9s par la Soci\u00e9t\u00e9 pour faciliter le Service, pour fournir le Service au nom de la Soci\u00e9t\u00e9, pour effectuer des services li\u00e9s au Service ou pour aider la Soci\u00e9t\u00e9 \u00e0 analyser comment le Service est utilis\u00e9.<\/p>\n\n\n\n<p><strong>Donn\u00e9es d&rsquo;Usage<\/strong> se r\u00e9f\u00e8rent aux donn\u00e9es collect\u00e9es automatiquement, soit g\u00e9n\u00e9r\u00e9es par l&rsquo;utilisation du Service ou \u00e0 partir de l&rsquo;infrastructure du Service elle-m\u00eame (par exemple, la dur\u00e9e d&rsquo;une visite de page).<\/p>\n\n\n\n<p><strong>Site Web<\/strong> se r\u00e9f\u00e8re \u00e0 Espace Technologie, accessible depuis <a href=\"https:\/\/espacetechnologie.ma\/\">https:\/\/espacetechnologie.ma\/<\/a><\/p>\n\n\n\n<p><strong>Vous<\/strong> d\u00e9signe l&rsquo;individu acc\u00e9dant ou utilisant le Service, ou la soci\u00e9t\u00e9, ou autre entit\u00e9 juridique au nom de laquelle cet individu acc\u00e8de ou utilise le Service, le cas \u00e9ch\u00e9ant.<\/p>\n\n\n\n<h2 class=\"wp-block-heading\" id=\"collecte-et-utilisation-de-vos-donnees-personnelles\">Collecte et Utilisation de Vos Donn\u00e9es Personnelles<\/h2>\n\n\n\n<h3 class=\"wp-block-heading\" id=\"types-de-donnees-collectees\">Types de Donn\u00e9es Collect\u00e9es<\/h3>\n\n\n\n<h4 class=\"wp-block-heading\" id=\"donnees-personnelles\">Donn\u00e9es Personnelles<\/h4>\n\n\n\n<p>Lors de l&rsquo;utilisation de Notre Service, Nous pouvons Vous demander de Nous fournir certaines informations personnellement identifiables qui peuvent \u00eatre utilis\u00e9es pour Vous contacter ou Vous identifier. Les informations personnellement identifiables peuvent inclure, mais ne se limitent pas \u00e0 :<\/p>\n\n\n\n<ul class=\"wp-block-list\">\n<li>Adresse e-mail<\/li>\n\n\n\n<li>Pr\u00e9nom et nom de famille<\/li>\n\n\n\n<li>Num\u00e9ro de t\u00e9l\u00e9phone<\/li>\n\n\n\n<li>Adresse, \u00c9tat, Province, Code ZIP\/Postal, Ville<\/li>\n\n\n\n<li>Donn\u00e9es d&rsquo;Usage<\/li>\n<\/ul>\n\n\n\n<h4 class=\"wp-block-heading\" id=\"donnees-d-usage\">Donn\u00e9es d&rsquo;Usage<\/h4>\n\n\n\n<p>Les Donn\u00e9es d&rsquo;Usage sont collect\u00e9es automatiquement lors de l&rsquo;utilisation du Service.<\/p>\n\n\n\n<p>Les Donn\u00e9es d&rsquo;Usage peuvent inclure des informations telles que l&rsquo;adresse de Protocole Internet de Votre Appareil (par ex. adresse IP), type de navigateur, version du navigateur, les pages de notre Service que Vous visitez, l&rsquo;heure et la date de Votre visite, le temps pass\u00e9 sur ces pages, identifiants uniques d&rsquo;appareil et autres donn\u00e9es de diagnostic.<\/p>\n\n\n\n<p>Lorsque Vous acc\u00e9dez au Service par ou \u00e0 travers un appareil mobile, Nous pouvons collecter certaines informations automatiquement, y compris, mais sans s&rsquo;y limiter, le type d&rsquo;appareil mobile que Vous utilisez, l&rsquo;ID unique de Votre appareil mobile, l&rsquo;adresse IP de Votre appareil mobile, Votre syst\u00e8me d&rsquo;exploitation mobile, le type de navigateur Internet mobile que Vous utilisez, identifiants uniques d&rsquo;appareil et autres donn\u00e9es de diagnostic.<\/p>\n\n\n\n<p>Nous pouvons \u00e9galement collecter des informations que Votre navigateur envoie chaque fois que Vous visitez notre Service ou lorsque Vous acc\u00e9dez au Service par ou \u00e0 travers un appareil mobile.<\/p>\n\n\n\n<h3 class=\"wp-block-heading\" id=\"technologies-de-suivi-et-cookies\">Technologies de Suivi et Cookies<\/h3>\n\n\n\n<p>Nous utilisons des Cookies et des technologies de suivi similaires pour suivre l&rsquo;activit\u00e9 sur Notre Service et stocker certaines informations. Les technologies de suivi utilis\u00e9es sont des balises, \u00e9tiquettes et scripts pour collecter et suivre les informations et pour am\u00e9liorer et analyser Notre Service. Les technologies que Nous utilisons peuvent inclure :<\/p>\n\n\n\n<p><strong>Cookies<\/strong> peuvent \u00eatre des Cookies \u00ab\u00a0Persistants\u00a0\u00bb ou de \u00ab\u00a0Session\u00a0\u00bb. Les Cookies Persistants restent sur Votre ordinateur personnel ou appareil mobile lorsque Vous allez hors ligne, tandis que les Cookies de Session sont supprim\u00e9s d\u00e8s que Vous fermez Votre navigateur web. Vous pouvez en apprendre plus sur les cookies dans l&rsquo;article <a href=\"https:\/\/www.termsfeed.com\/blog\/cookies\/#What_Are_Cookies\" target=\"_blank\" rel=\"noopener\">du site web TermsFeed<\/a>.<\/p>\n\n\n\n<p>Nous utilisons \u00e0 la fois les Cookies de Session et Persistants aux fins \u00e9nonc\u00e9es ci-dessous :<\/p>\n\n\n\n<h4 class=\"wp-block-heading\" id=\"cookies-necessaires-essentiels\">Cookies N\u00e9cessaires \/ Essentiels<\/h4>\n\n\n\n<ul class=\"wp-block-list\">\n<li><strong>Type :<\/strong> Cookies de Session<\/li>\n\n\n\n<li><strong>Administr\u00e9s par :<\/strong> Nous<\/li>\n\n\n\n<li><strong>Objectif :<\/strong> Ces Cookies sont essentiels pour Vous fournir des services disponibles \u00e0 travers le Site Web et pour Vous permettre d&rsquo;utiliser certaines de ses fonctionnalit\u00e9s. Ils aident \u00e0 authentifier les utilisateurs et emp\u00eachent l&rsquo;utilisation frauduleuse des comptes d&rsquo;utilisateurs. Sans ces Cookies, les services que Vous avez demand\u00e9s ne peuvent pas \u00eatre fournis, et Nous utilisons uniquement ces Cookies pour Vous fournir ces services.<\/li>\n<\/ul>\n\n\n\n<h4 class=\"wp-block-heading\" id=\"cookies-d-acceptation-de-politique-de-cookies-avis\">Cookies d&rsquo;Acceptation de Politique de Cookies \/ Avis<\/h4>\n\n\n\n<ul class=\"wp-block-list\">\n<li><strong>Type :<\/strong> Cookies Persistants<\/li>\n\n\n\n<li><strong>Administr\u00e9s par :<\/strong> Nous<\/li>\n\n\n\n<li><strong>Objectif :<\/strong> Ces Cookies identifient si les utilisateurs ont accept\u00e9 l&rsquo;utilisation de cookies sur le Site Web.<\/li>\n<\/ul>\n\n\n\n<h4 class=\"wp-block-heading\" id=\"cookies-de-fonctionnalite\">Cookies de Fonctionnalit\u00e9<\/h4>\n\n\n\n<ul class=\"wp-block-list\">\n<li><strong>Type :<\/strong> Cookies Persistants<\/li>\n\n\n\n<li><strong>Administr\u00e9s par :<\/strong> Nous<\/li>\n\n\n\n<li><strong>Objectif :<\/strong> Ces Cookies nous permettent de nous souvenir des choix que Vous faites lorsque Vous utilisez le Site Web, comme se souvenir de vos d\u00e9tails de connexion ou pr\u00e9f\u00e9rence de langue. L&rsquo;objectif de ces Cookies est de Vous fournir une exp\u00e9rience plus personnelle et d&rsquo;\u00e9viter que Vous ayez \u00e0 ressaisir vos pr\u00e9f\u00e9rences chaque fois que Vous utilisez le Site Web.<\/li>\n<\/ul>\n\n\n\n<p>Pour plus d&rsquo;informations sur les cookies que nous utilisons et vos choix concernant les cookies, veuillez visiter notre Politique de Cookies ou la section Cookies de notre Politique de Confidentialit\u00e9.<\/p>\n\n\n\n<h2 class=\"wp-block-heading\" id=\"utilisation-de-vos-donnees-personnelles\">Utilisation de Vos Donn\u00e9es Personnelles<\/h2>\n\n\n\n<p>La Soci\u00e9t\u00e9 peut utiliser les Donn\u00e9es Personnelles aux fins suivantes :<\/p>\n\n\n\n<ul class=\"wp-block-list\">\n<li><strong>Pour fournir et maintenir notre Service<\/strong>, y compris pour surveiller l&rsquo;utilisation de notre Service.<\/li>\n\n\n\n<li><strong>Pour g\u00e9rer Votre Compte :<\/strong> pour g\u00e9rer Votre inscription en tant qu&rsquo;utilisateur du Service. Les Donn\u00e9es Personnelles que Vous fournissez peuvent Vous donner acc\u00e8s \u00e0 diff\u00e9rentes fonctionnalit\u00e9s du Service qui Vous sont disponibles en tant qu&rsquo;utilisateur enregistr\u00e9.<\/li>\n\n\n\n<li><strong>Pour l&rsquo;ex\u00e9cution d&rsquo;un contrat :<\/strong> le d\u00e9veloppement, la conformit\u00e9 et l&rsquo;entreprise du contrat d&rsquo;achat pour les produits, articles ou services que Vous avez achet\u00e9s ou de tout autre contrat avec Nous \u00e0 travers le Service.<\/li>\n\n\n\n<li><strong>Pour Vous contacter :<\/strong> Pour Vous contacter par e-mail, appels t\u00e9l\u00e9phoniques, SMS, ou autres formes \u00e9quivalentes de communication \u00e9lectronique, telles que les notifications push d&rsquo;une application mobile concernant les mises \u00e0 jour ou communications informatives li\u00e9es aux fonctionnalit\u00e9s, produits ou services contract\u00e9s, y compris les mises \u00e0 jour de s\u00e9curit\u00e9, lorsque n\u00e9cessaire ou raisonnable pour leur mise en \u0153uvre.<\/li>\n\n\n\n<li><strong>Pour Vous fournir<\/strong> des nouvelles, offres sp\u00e9ciales et informations g\u00e9n\u00e9rales sur d&rsquo;autres biens, services et \u00e9v\u00e9nements que nous offrons qui sont similaires \u00e0 ceux que vous avez d\u00e9j\u00e0 achet\u00e9s ou sur lesquels vous vous \u00eates renseign\u00e9, \u00e0 moins que Vous n&rsquo;ayez choisi de ne pas recevoir de telles informations.<\/li>\n\n\n\n<li><strong>Pour g\u00e9rer Vos demandes :<\/strong> Pour traiter et g\u00e9rer Vos demandes aupr\u00e8s de Nous.<\/li>\n\n\n\n<li><strong>Pour les transferts d&rsquo;entreprise :<\/strong> Nous pouvons utiliser Vos informations pour \u00e9valuer ou conduire une fusion, cession, restructuration, r\u00e9organisation, dissolution, ou autre vente ou transfert de tout ou partie de Nos actifs, que ce soit comme une entreprise en activit\u00e9 ou dans le cadre d&rsquo;une faillite, liquidation, ou proc\u00e9dure similaire, dans laquelle les Donn\u00e9es Personnelles d\u00e9tenues par Nous sur nos utilisateurs du Service sont parmi les actifs transf\u00e9r\u00e9s.<\/li>\n\n\n\n<li><strong>\u00c0 d&rsquo;autres fins :<\/strong> Nous pouvons utiliser Vos informations \u00e0 d&rsquo;autres fins, telles que l&rsquo;analyse de donn\u00e9es, l&rsquo;identification des tendances d&rsquo;utilisation, la d\u00e9termination de l&rsquo;efficacit\u00e9 de nos campagnes promotionnelles et pour \u00e9valuer et am\u00e9liorer notre Service, produits, services, marketing et votre exp\u00e9rience.<\/li>\n<\/ul>\n\n\n\n<h2 class=\"wp-block-heading\" id=\"partage-de-vos-donnees-personnelles\">Partage de Vos Donn\u00e9es Personnelles<\/h2>\n\n\n\n<p>Nous pouvons partager Vos informations personnelles dans les situations suivantes :<\/p>\n\n\n\n<h2 class=\"wp-block-heading\" id=\"retention-de-vos-donnees-personnelles\">R\u00e9tention de Vos Donn\u00e9es Personnelles<\/h2>\n\n\n\n<p>La Soci\u00e9t\u00e9 conservera Vos Donn\u00e9es Personnelles uniquement aussi longtemps que n\u00e9cessaire aux fins \u00e9nonc\u00e9es dans cette Politique de Confidentialit\u00e9. Nous conserverons et utiliserons Vos Donn\u00e9es Personnelles dans la mesure n\u00e9cessaire pour nous conformer \u00e0 nos obligations l\u00e9gales (par exemple, si nous sommes tenus de conserver vos donn\u00e9es pour nous conformer aux lois applicables), r\u00e9soudre les disputes, et faire appliquer nos accords et politiques l\u00e9gaux.<\/p>\n\n\n\n<p>La Soci\u00e9t\u00e9 conservera \u00e9galement les Donn\u00e9es d&rsquo;Usage \u00e0 des fins d&rsquo;analyse interne. Les Donn\u00e9es d&rsquo;Usage sont g\u00e9n\u00e9ralement conserv\u00e9es pour une p\u00e9riode plus courte, sauf lorsque ces donn\u00e9es sont utilis\u00e9es pour renforcer la s\u00e9curit\u00e9 ou pour am\u00e9liorer la fonctionnalit\u00e9 de Notre Service, ou que Nous sommes l\u00e9galement oblig\u00e9s de conserver ces donn\u00e9es pour des p\u00e9riodes plus longues.<\/p>\n\n\n\n<h2 class=\"wp-block-heading\" id=\"transfert-de-vos-donnees-personnelles\">Transfert de Vos Donn\u00e9es Personnelles<\/h2>\n\n\n\n<p>Vos informations, y compris les Donn\u00e9es Personnelles, sont trait\u00e9es dans les bureaux d&rsquo;exploitation de la Soci\u00e9t\u00e9 et dans tout autre lieu o\u00f9 se trouvent les parties impliqu\u00e9es dans le traitement. Cela signifie que ces informations peuvent \u00eatre transf\u00e9r\u00e9es vers \u2014 et maintenues sur \u2014 des ordinateurs situ\u00e9s en dehors de Votre \u00e9tat, province, pays ou autre juridiction gouvernementale o\u00f9 les lois de protection des donn\u00e9es peuvent diff\u00e9rer de celles de Votre juridiction.<\/p>\n\n\n\n<p>Votre consentement \u00e0 cette Politique de Confidentialit\u00e9 suivi de Votre soumission de telles informations repr\u00e9sente Votre accord \u00e0 ce transfert.<\/p>\n\n\n\n<p>La Soci\u00e9t\u00e9 prendra toutes les mesures raisonnablement n\u00e9cessaires pour s&rsquo;assurer que Vos donn\u00e9es sont trait\u00e9es en s\u00e9curit\u00e9 et conform\u00e9ment \u00e0 cette Politique de Confidentialit\u00e9 et aucun transfert de Vos Donn\u00e9es Personnelles n&rsquo;aura lieu vers une organisation ou un pays \u00e0 moins qu&rsquo;il y ait des contr\u00f4les ad\u00e9quats en place incluant la s\u00e9curit\u00e9 de Vos donn\u00e9es et autres informations personnelles.<\/p>\n\n\n\n<h2 class=\"wp-block-heading\" id=\"suppression-de-vos-donnees-personnelles\">Suppression de Vos Donn\u00e9es Personnelles<\/h2>\n\n\n\n<p>Vous avez le droit de supprimer ou de demander que Nous aidions \u00e0 supprimer les Donn\u00e9es Personnelles que Nous avons collect\u00e9es \u00e0 Votre sujet.<\/p>\n\n\n\n<p>Notre Service peut Vous donner la capacit\u00e9 de supprimer certaines informations Vous concernant depuis le Service.<\/p>\n\n\n\n<p>Vous pouvez mettre \u00e0 jour, modifier ou supprimer Vos informations \u00e0 tout moment en Vous connectant \u00e0 Votre Compte, si vous en avez un, et en visitant la section param\u00e8tres du compte qui Vous permet de g\u00e9rer Vos informations personnelles. Vous pouvez \u00e9galement Nous contacter pour demander l&rsquo;acc\u00e8s, corriger ou supprimer toute information personnelle que Vous nous avez fournie.<\/p>\n\n\n\n<p>Veuillez noter, cependant, que Nous pouvons avoir besoin de conserver certaines informations lorsque nous avons une obligation l\u00e9gale ou une base l\u00e9gale pour le faire.<\/p>\n\n\n\n<h2 class=\"wp-block-heading\" id=\"divulgation-de-vos-donnees-personnelles\">Divulgation de Vos Donn\u00e9es Personnelles<\/h2>\n\n\n\n<h3 class=\"wp-block-heading\" id=\"transactions-commerciales\">Transactions Commerciales<\/h3>\n\n\n\n<p>Si la Soci\u00e9t\u00e9 est impliqu\u00e9e dans une fusion, acquisition ou vente d&rsquo;actifs, Vos Donn\u00e9es Personnelles peuvent \u00eatre transf\u00e9r\u00e9es. Nous fournirons un avis avant que Vos Donn\u00e9es Personnelles ne soient transf\u00e9r\u00e9es et deviennent sujettes \u00e0 une Politique de Confidentialit\u00e9 diff\u00e9rente.<\/p>\n\n\n\n<h3 class=\"wp-block-heading\" id=\"application-de-la-loi\">Application de la Loi<\/h3>\n\n\n\n<p>Dans certaines circonstances, la Soci\u00e9t\u00e9 peut \u00eatre tenue de divulguer Vos Donn\u00e9es Personnelles si requise de le faire par la loi ou en r\u00e9ponse \u00e0 des demandes valides par les autorit\u00e9s publiques (par ex. un tribunal ou une agence gouvernementale).<\/p>\n\n\n\n<h3 class=\"wp-block-heading\" id=\"autres-exigences-legales\">Autres Exigences L\u00e9gales<\/h3>\n\n\n\n<p>La Soci\u00e9t\u00e9 peut divulguer Vos Donn\u00e9es Personnelles en bonne foi que telle action est n\u00e9cessaire pour :<\/p>\n\n\n\n<h2 class=\"wp-block-heading\" id=\"securite-de-vos-donnees-personnelles\">S\u00e9curit\u00e9 de Vos Donn\u00e9es Personnelles<\/h2>\n\n\n\n<p>La s\u00e9curit\u00e9 de Vos Donn\u00e9es Personnelles est importante pour Nous, mais rappelez-vous qu&rsquo;aucune m\u00e9thode de transmission sur Internet, ou m\u00e9thode de stockage \u00e9lectronique n&rsquo;est 100% s\u00e9curis\u00e9e. Bien que Nous nous efforcions d&rsquo;utiliser des moyens commercialement acceptables pour prot\u00e9ger Vos Donn\u00e9es Personnelles, Nous ne pouvons pas garantir leur s\u00e9curit\u00e9 absolue.<\/p>\n\n\n\n<h2 class=\"wp-block-heading\" id=\"confidentialite-des-enfants\">Confidentialit\u00e9 des Enfants<\/h2>\n\n\n\n<p>Notre Service ne s&rsquo;adresse \u00e0 personne de moins de 13 ans. Nous ne collectons pas sciemment d&rsquo;informations personnellement identifiables de quiconque de moins de 13 ans. Si Vous \u00eates un parent ou tuteur et que Vous \u00eates conscient que Votre enfant nous a fourni des Donn\u00e9es Personnelles, veuillez Nous contacter. Si Nous devenons conscients que Nous avons collect\u00e9 des Donn\u00e9es Personnelles de quiconque de moins de 13 ans sans v\u00e9rification du consentement parental, Nous prenons des mesures pour supprimer ces informations de Nos serveurs.<\/p>\n\n\n\n<p>Si Nous devons nous appuyer sur le consentement comme base l\u00e9gale pour traiter Vos informations et que Votre pays exige le consentement d&rsquo;un parent, Nous pouvons exiger le consentement de Votre parent avant que Nous collections et utilisions ces informations.<\/p>\n\n\n\n<h2 class=\"wp-block-heading\" id=\"liens-vers-d-autres-sites-web\">Liens vers d&rsquo;Autres Sites Web<\/h2>\n\n\n\n<p>Notre Service peut contenir des liens vers d&rsquo;autres sites web qui ne sont pas exploit\u00e9s par Nous. Si Vous cliquez sur un lien tiers, Vous serez dirig\u00e9 vers le site de ce tiers. Nous Vous conseillons fortement de consulter la Politique de Confidentialit\u00e9 de chaque site que Vous visitez.<\/p>\n\n\n\n<p>Nous n&rsquo;avons aucun contr\u00f4le et n&rsquo;assumons aucune responsabilit\u00e9 pour le contenu, politiques de confidentialit\u00e9 ou pratiques de tout site ou service tiers.<\/p>\n\n\n\n<h2 class=\"wp-block-heading\" id=\"modifications-de-cette-politique-de-confidentialite\">Modifications de cette Politique de Confidentialit\u00e9<\/h2>\n\n\n\n<p>Nous pouvons mettre \u00e0 jour Notre Politique de Confidentialit\u00e9 de temps \u00e0 autre. Nous Vous notifierons de tout changement en publiant la nouvelle Politique de Confidentialit\u00e9 sur cette page.<\/p>\n\n\n\n<p>Nous Vous ferons savoir via e-mail et\/ou un avis pro\u00e9minent sur Notre Service, avant que le changement ne devienne effectif et mettrons \u00e0 jour la date \u00ab\u00a0Derni\u00e8re mise \u00e0 jour\u00a0\u00bb en haut de cette Politique de Confidentialit\u00e9.<\/p>\n\n\n\n<p>Il Vous est conseill\u00e9 de consulter cette Politique de Confidentialit\u00e9 p\u00e9riodiquement pour tout changement. Les modifications de cette Politique de Confidentialit\u00e9 sont effectives lorsqu&rsquo;elles sont publi\u00e9es sur cette page.<\/p>\n\n\n\n<h2 class=\"wp-block-heading\" id=\"nous-contacter\">Nous Contacter<\/h2>\n\n\n\n<p>Si vous avez des questions concernant cette Politique de Confidentialit\u00e9, Vous pouvez nous contacter :<\/p>\n\n\n\n<ul class=\"wp-block-list\">\n<li>Par e-mail : [adresse e-mail prot\u00e9g\u00e9e]<\/li>\n\n\n\n<li>Par num\u00e9ro de t\u00e9l\u00e9phone : +212 612-888861<\/li>\n<\/ul>\n","protected":false},"excerpt":{"rendered":"<p>Politique de Confidentialit\u00e9 pour Espace Technologie Derni\u00e8re mise \u00e0 jour : 21 juillet 2025 Cette Politique de Confidentialit\u00e9 d\u00e9crit Nos politiques et proc\u00e9dures concernant la collecte, l&rsquo;utilisation et la divulgation de Vos informations lorsque Vous utilisez le Service et Vous informe de Vos droits \u00e0 la vie priv\u00e9e et de la fa\u00e7on dont la loi [&hellip;]<\/p>\n","protected":false},"author":2,"featured_media":0,"parent":0,"menu_order":0,"comment_status":"closed","ping_status":"closed","template":"","meta":{"event_title":"","event_details":"","event_timezone":"","event_gmap":"","event_image":"","event_image_url":"","event_calendar_link":"","event_location":"","event_datetime_with_summary":"","event_datetime":"","event_date_type":"","event_rulesummary":"","event_ticket_rsvp":"","_gspb_post_css":"","footnotes":""},"class_list":["post-11179","page","type-page","status-publish","hentry"],"blocksy_meta":{"has_hero_section":"disabled","styles_descriptor":{"styles":{"desktop":"","tablet":"","mobile":""},"google_fonts":[],"version":6}},"jetpack_sharing_enabled":true,"_links":{"self":[{"href":"https:\/\/espacetechnologie.ma\/ar\/wp-json\/wp\/v2\/pages\/11179","targetHints":{"allow":["GET"]}}],"collection":[{"href":"https:\/\/espacetechnologie.ma\/ar\/wp-json\/wp\/v2\/pages"}],"about":[{"href":"https:\/\/espacetechnologie.ma\/ar\/wp-json\/wp\/v2\/types\/page"}],"author":[{"embeddable":true,"href":"https:\/\/espacetechnologie.ma\/ar\/wp-json\/wp\/v2\/users\/2"}],"replies":[{"embeddable":true,"href":"https:\/\/espacetechnologie.ma\/ar\/wp-json\/wp\/v2\/comments?post=11179"}],"version-history":[{"count":0,"href":"https:\/\/espacetechnologie.ma\/ar\/wp-json\/wp\/v2\/pages\/11179\/revisions"}],"wp:attachment":[{"href":"https:\/\/espacetechnologie.ma\/ar\/wp-json\/wp\/v2\/media?parent=11179"}],"curies":[{"name":"wp","href":"https:\/\/api.w.org\/{rel}","templated":true}]}}